{"id":1595,"date":"2016-03-23T11:05:35","date_gmt":"2016-03-23T11:05:35","guid":{"rendered":"https:\/\/www.etoiles.fi\/yhteystiedot\/"},"modified":"2024-11-09T17:45:15","modified_gmt":"2024-11-09T15:45:15","slug":"kontakt","status":"publish","type":"page","link":"https:\/\/www.etoiles.fi\/de\/kontakt\/","title":{"rendered":"Kontakt"},"content":{"rendered":"<section class=\"wpb-content-wrapper\"><p>[vc_row][vc_column][vc_column_text]<\/p>\n<h1 style=\"padding-top: 20px; text-align: center;\">Etoiles Suomi Oy<\/h1>\n<h2 style=\"text-align: center;\">Kontakt<\/h2>\n<hr class=\"no_line\" style=\"margin: 0 auto 30px auto\"\/>\n\n<p style=\"text-align: center;\">Etoiles erstellt bedarfsgerechte L\u00f6sungen f\u00fcr die Geruchsneutralisation in der Abwasser- und Abfallbehandlung sowie in Industrie- und Biogasanlagen. Dank unserer langj\u00e4hrigen Erfahrung sind wir in der Lage, f\u00fcr unsere L\u00f6sungen eine Zufriedenheitsgarantie zu gew\u00e4hren.<\/p>\n<p style=\"text-align: center;\"><strong>Unser Leistungsspektrum enth\u00e4lt u. a.:<\/strong><\/p>\n<p style=\"text-align: center;\">Analyse der Ausgangssituation, Ger\u00e4telieferung, Montage, Wartungsservice, Inbetriebnahme, Schulungen, Beratung und Planungsservice.<\/p>\n<p style=\"text-align: center;\">Die Produkte des finnischen Unternehmens sind dank eines\u00a0 ausgedehnten H\u00e4ndlernetzes auch in Schweden, D\u00e4nemark, Norwegen und anderen EU-L\u00e4ndern erh\u00e4ltlich.<\/p>\n<p>[\/vc_column_text][\/vc_column][\/vc_row]<\/p>\n<\/section>","protected":false},"excerpt":{"rendered":"<p>[vc_row][vc_column][vc_column_text] Etoiles Suomi Oy Kontakt Etoiles erstellt bedarfsgerechte L\u00f6sungen f\u00fcr die Geruchsneutralisation in der Abwasser- und Abfallbehandlung sowie in Industrie- und Biogasanlagen. Dank unserer langj\u00e4hrigen Erfahrung<span class=\"excerpt-hellip\"> [\u2026]<\/span><\/p>\n","protected":false},"author":2,"featured_media":0,"parent":0,"menu_order":0,"comment_status":"open","ping_status":"open","template":"","meta":{"footnotes":""},"yoast_head":"<!-- This site is optimized with the Yoast SEO plugin v22.1 - https:\/\/yoast.com\/wordpress\/plugins\/seo\/ -->\n<title>Kontakt - Etoiles<\/title>\n<meta name=\"description\" content=\"Etoiles valmistaa r\u00e4\u00e4t\u00e4l\u00f6ityj\u00e4 hajunpoisto ratkaisuja j\u00e4teveden- ja j\u00e4tteenk\u00e4sittelyyn sek\u00e4 teollisuuskohteisiin ja biokaasulaitoksiin. Pitk\u00e4n kokemuksemme ansioista voimme taata ratkaisuillemme toimintatakuun.\" \/>\n<meta name=\"robots\" content=\"index, follow, max-snippet:-1, max-image-preview:large, max-video-preview:-1\" \/>\n<link rel=\"canonical\" href=\"https:\/\/www.etoiles.fi\/de\/kontakt\/\" \/>\n<meta property=\"og:locale\" content=\"de_DE\" \/>\n<meta property=\"og:type\" content=\"article\" \/>\n<meta property=\"og:title\" content=\"Kontakt - Etoiles\" \/>\n<meta property=\"og:description\" content=\"Etoiles valmistaa r\u00e4\u00e4t\u00e4l\u00f6ityj\u00e4 hajunpoisto ratkaisuja j\u00e4teveden- ja j\u00e4tteenk\u00e4sittelyyn sek\u00e4 teollisuuskohteisiin ja biokaasulaitoksiin. Pitk\u00e4n kokemuksemme ansioista voimme taata ratkaisuillemme toimintatakuun.\" \/>\n<meta property=\"og:url\" content=\"https:\/\/www.etoiles.fi\/de\/kontakt\/\" \/>\n<meta property=\"og:site_name\" content=\"Etoiles\" \/>\n<meta property=\"article:modified_time\" content=\"2024-11-09T15:45:15+00:00\" \/>\n<meta name=\"twitter:card\" content=\"summary_large_image\" \/>\n<meta name=\"twitter:label1\" content=\"Gesch\u00e4tzte Lesezeit\" \/>\n\t<meta name=\"twitter:data1\" content=\"1\u00a0Minute\" \/>\n<script type=\"application\/ld+json\" class=\"yoast-schema-graph\">{\"@context\":\"https:\/\/schema.org\",\"@graph\":[{\"@type\":\"WebPage\",\"@id\":\"https:\/\/www.etoiles.fi\/de\/kontakt\/\",\"url\":\"https:\/\/www.etoiles.fi\/de\/kontakt\/\",\"name\":\"Kontakt - Etoiles\",\"isPartOf\":{\"@id\":\"https:\/\/www.etoiles.fi\/#website\"},\"datePublished\":\"2016-03-23T11:05:35+00:00\",\"dateModified\":\"2024-11-09T15:45:15+00:00\",\"description\":\"Etoiles valmistaa r\u00e4\u00e4t\u00e4l\u00f6ityj\u00e4 hajunpoisto ratkaisuja j\u00e4teveden- ja j\u00e4tteenk\u00e4sittelyyn sek\u00e4 teollisuuskohteisiin ja biokaasulaitoksiin. Pitk\u00e4n kokemuksemme ansioista voimme taata ratkaisuillemme toimintatakuun.\",\"breadcrumb\":{\"@id\":\"https:\/\/www.etoiles.fi\/de\/kontakt\/#breadcrumb\"},\"inLanguage\":\"de\",\"potentialAction\":[{\"@type\":\"ReadAction\",\"target\":[\"https:\/\/www.etoiles.fi\/de\/kontakt\/\"]}]},{\"@type\":\"BreadcrumbList\",\"@id\":\"https:\/\/www.etoiles.fi\/de\/kontakt\/#breadcrumb\",\"itemListElement\":[{\"@type\":\"ListItem\",\"position\":1,\"name\":\"Home\",\"item\":\"https:\/\/www.etoiles.fi\/de\/\"},{\"@type\":\"ListItem\",\"position\":2,\"name\":\"Kontakt\"}]},{\"@type\":\"WebSite\",\"@id\":\"https:\/\/www.etoiles.fi\/#website\",\"url\":\"https:\/\/www.etoiles.fi\/\",\"name\":\"Etoiles\",\"description\":\"Hajunpoisto j\u00e4tehuolto, vedenpuhdistamot, teollisuus- ja biokaasulaitokset\",\"potentialAction\":[{\"@type\":\"SearchAction\",\"target\":{\"@type\":\"EntryPoint\",\"urlTemplate\":\"https:\/\/www.etoiles.fi\/?s={search_term_string}\"},\"query-input\":\"required name=search_term_string\"}],\"inLanguage\":\"de\"}]}<\/script>\n<!-- \/ Yoast SEO plugin. -->","yoast_head_json":{"title":"Kontakt - Etoiles","description":"Etoiles valmistaa r\u00e4\u00e4t\u00e4l\u00f6ityj\u00e4 hajunpoisto ratkaisuja j\u00e4teveden- ja j\u00e4tteenk\u00e4sittelyyn sek\u00e4 teollisuuskohteisiin ja biokaasulaitoksiin. Pitk\u00e4n kokemuksemme ansioista voimme taata ratkaisuillemme toimintatakuun.","robots":{"index":"index","follow":"follow","max-snippet":"max-snippet:-1","max-image-preview":"max-image-preview:large","max-video-preview":"max-video-preview:-1"},"canonical":"https:\/\/www.etoiles.fi\/de\/kontakt\/","og_locale":"de_DE","og_type":"article","og_title":"Kontakt - Etoiles","og_description":"Etoiles valmistaa r\u00e4\u00e4t\u00e4l\u00f6ityj\u00e4 hajunpoisto ratkaisuja j\u00e4teveden- ja j\u00e4tteenk\u00e4sittelyyn sek\u00e4 teollisuuskohteisiin ja biokaasulaitoksiin. Pitk\u00e4n kokemuksemme ansioista voimme taata ratkaisuillemme toimintatakuun.","og_url":"https:\/\/www.etoiles.fi\/de\/kontakt\/","og_site_name":"Etoiles","article_modified_time":"2024-11-09T15:45:15+00:00","twitter_card":"summary_large_image","twitter_misc":{"Gesch\u00e4tzte Lesezeit":"1\u00a0Minute"},"schema":{"@context":"https:\/\/schema.org","@graph":[{"@type":"WebPage","@id":"https:\/\/www.etoiles.fi\/de\/kontakt\/","url":"https:\/\/www.etoiles.fi\/de\/kontakt\/","name":"Kontakt - Etoiles","isPartOf":{"@id":"https:\/\/www.etoiles.fi\/#website"},"datePublished":"2016-03-23T11:05:35+00:00","dateModified":"2024-11-09T15:45:15+00:00","description":"Etoiles valmistaa r\u00e4\u00e4t\u00e4l\u00f6ityj\u00e4 hajunpoisto ratkaisuja j\u00e4teveden- ja j\u00e4tteenk\u00e4sittelyyn sek\u00e4 teollisuuskohteisiin ja biokaasulaitoksiin. Pitk\u00e4n kokemuksemme ansioista voimme taata ratkaisuillemme toimintatakuun.","breadcrumb":{"@id":"https:\/\/www.etoiles.fi\/de\/kontakt\/#breadcrumb"},"inLanguage":"de","potentialAction":[{"@type":"ReadAction","target":["https:\/\/www.etoiles.fi\/de\/kontakt\/"]}]},{"@type":"BreadcrumbList","@id":"https:\/\/www.etoiles.fi\/de\/kontakt\/#breadcrumb","itemListElement":[{"@type":"ListItem","position":1,"name":"Home","item":"https:\/\/www.etoiles.fi\/de\/"},{"@type":"ListItem","position":2,"name":"Kontakt"}]},{"@type":"WebSite","@id":"https:\/\/www.etoiles.fi\/#website","url":"https:\/\/www.etoiles.fi\/","name":"Etoiles","description":"Hajunpoisto j\u00e4tehuolto, vedenpuhdistamot, teollisuus- ja biokaasulaitokset","potentialAction":[{"@type":"SearchAction","target":{"@type":"EntryPoint","urlTemplate":"https:\/\/www.etoiles.fi\/?s={search_term_string}"},"query-input":"required name=search_term_string"}],"inLanguage":"de"}]}},"_links":{"self":[{"href":"https:\/\/www.etoiles.fi\/de\/wp-json\/wp\/v2\/pages\/1595"}],"collection":[{"href":"https:\/\/www.etoiles.fi\/de\/wp-json\/wp\/v2\/pages"}],"about":[{"href":"https:\/\/www.etoiles.fi\/de\/wp-json\/wp\/v2\/types\/page"}],"author":[{"embeddable":true,"href":"https:\/\/www.etoiles.fi\/de\/wp-json\/wp\/v2\/users\/2"}],"replies":[{"embeddable":true,"href":"https:\/\/www.etoiles.fi\/de\/wp-json\/wp\/v2\/comments?post=1595"}],"version-history":[{"count":3,"href":"https:\/\/www.etoiles.fi\/de\/wp-json\/wp\/v2\/pages\/1595\/revisions"}],"predecessor-version":[{"id":1608,"href":"https:\/\/www.etoiles.fi\/de\/wp-json\/wp\/v2\/pages\/1595\/revisions\/1608"}],"wp:attachment":[{"href":"https:\/\/www.etoiles.fi\/de\/wp-json\/wp\/v2\/media?parent=1595"}],"curies":[{"name":"wp","href":"https:\/\/api.w.org\/{rel}","templated":true}]}}